{"id":926,"date":"2026-03-13T07:29:02","date_gmt":"2026-03-13T07:29:02","guid":{"rendered":"https:\/\/www.tesi-srl.com\/?page_id=926"},"modified":"2026-03-18T12:54:22","modified_gmt":"2026-03-18T12:54:22","slug":"sostenibilita","status":"publish","type":"page","link":"https:\/\/www.tesi-srl.com\/index.php\/sostenibilita\/","title":{"rendered":"Sostenibilit\u00e0"},"content":{"rendered":"\t\t<div data-elementor-type=\"wp-page\" data-elementor-id=\"926\" class=\"elementor elementor-926\">\n\t\t\t\t<div class=\"elementor-element elementor-element-a7dac7e e-flex e-con-boxed e-con e-parent\" data-id=\"a7dac7e\" data-element_type=\"container\" data-e-type=\"container\">\n\t\t\t\t\t<div class=\"e-con-inner\">\n\t\t\t\t<div class=\"elementor-element elementor-element-3ee6d72 elementor-widget elementor-widget-heading\" data-id=\"3ee6d72\" data-element_type=\"widget\" data-e-type=\"widget\" data-widget_type=\"heading.default\">\n\t\t\t\t\t<h2 class=\"elementor-heading-title elementor-size-default\">ATTENZIONE PER L'AMBIENTE E LE PERSONE<\/h2>\t\t\t\t<\/div>\n\t\t\t\t<div class=\"elementor-element elementor-element-0dc4c31 elementor-widget elementor-widget-text-editor\" data-id=\"0dc4c31\" data-element_type=\"widget\" data-e-type=\"widget\" data-widget_type=\"text-editor.default\">\n\t\t\t\t\t\t\t\t\t<p>In TESI Srl, non costruiamo solo infrastrutture.<\/p><p>Progettiamo soluzioni industriali dove l&#8217;eccellenza tecnica dell&#8217;Oil &amp; Gas incontra il rispetto per l&#8217;ambiente e la sicurezza delle persone. Perch\u00e9 il progresso ha valore solo se \u00e8 sostenibile.<\/p>\t\t\t\t\t\t\t\t<\/div>\n\t\t\t\t<div class=\"elementor-element elementor-element-65c3cd2 elementor-widget elementor-widget-image\" data-id=\"65c3cd2\" data-element_type=\"widget\" data-e-type=\"widget\" data-widget_type=\"image.default\">\n\t\t\t\t\t\t\t\t\t\t\t\t\t\t\t<img fetchpriority=\"high\" decoding=\"async\" width=\"800\" height=\"437\" src=\"https:\/\/www.tesi-srl.com\/wp-content\/uploads\/2026\/03\/2026-TESI-Srl-Sostenibilita-1-1024x559.jpg\" class=\"attachment-large size-large wp-image-1094\" alt=\"\" srcset=\"https:\/\/www.tesi-srl.com\/wp-content\/uploads\/2026\/03\/2026-TESI-Srl-Sostenibilita-1-1024x559.jpg 1024w, https:\/\/www.tesi-srl.com\/wp-content\/uploads\/2026\/03\/2026-TESI-Srl-Sostenibilita-1-300x164.jpg 300w, https:\/\/www.tesi-srl.com\/wp-content\/uploads\/2026\/03\/2026-TESI-Srl-Sostenibilita-1-768x419.jpg 768w, https:\/\/www.tesi-srl.com\/wp-content\/uploads\/2026\/03\/2026-TESI-Srl-Sostenibilita-1.jpg 1408w\" sizes=\"(max-width: 800px) 100vw, 800px\" \/>\t\t\t\t\t\t\t\t\t\t\t\t\t\t\t<\/div>\n\t\t\t\t\t<\/div>\n\t\t\t\t<\/div>\n\t\t<div class=\"elementor-element elementor-element-2d6a14b e-flex e-con-boxed e-con e-parent\" data-id=\"2d6a14b\" data-element_type=\"container\" data-e-type=\"container\">\n\t\t\t\t\t<div class=\"e-con-inner\">\n\t\t\t\t<div class=\"elementor-element elementor-element-5d88b70 elementor-widget elementor-widget-text-editor\" data-id=\"5d88b70\" data-element_type=\"widget\" data-e-type=\"widget\" data-widget_type=\"text-editor.default\">\n\t\t\t\t\t\t\t\t\t<h2 data-path-to-node=\"8\">SOSTENIBILITA&#8217;: Responsabilit\u00e0 verso ambiente, persone e sicurezza per TESI Srl<\/h2><p>In TESI Srl la sostenibilit\u00e0 \u00e8 parte integrante del nostro modo di operare. Progettiamo, costruiamo e manuteniamo impianti industriali con l\u2019obiettivo di generare valore nel rispetto dell\u2019ambiente, delle persone e dei pi\u00f9 elevati standard di sicurezza.<\/p><h3>RISPETTO PER L&#8217;AMBIENTE<\/h3><p>Ridurre l\u2019impatto delle attivit\u00e0 industriali \u00e8 una responsabilit\u00e0 concreta. Per questo sviluppiamo soluzioni tecniche efficienti, promuoviamo l\u2019uso responsabile delle risorse e operiamo nel pieno rispetto delle normative ambientali, con l\u2019obiettivo di migliorare continuamente le prestazioni ambientali dei nostri progetti.<\/p><p><img decoding=\"async\" class=\"alignnone wp-image-1130\" src=\"https:\/\/www.tesi-srl.com\/wp-content\/uploads\/2026\/03\/Paragrafo-Ambiente-300x179.jpg\" alt=\"\" width=\"300\" height=\"179\" srcset=\"https:\/\/www.tesi-srl.com\/wp-content\/uploads\/2026\/03\/Paragrafo-Ambiente-300x179.jpg 300w, https:\/\/www.tesi-srl.com\/wp-content\/uploads\/2026\/03\/Paragrafo-Ambiente-768x458.jpg 768w, https:\/\/www.tesi-srl.com\/wp-content\/uploads\/2026\/03\/Paragrafo-Ambiente.jpg 800w\" sizes=\"(max-width: 300px) 100vw, 300px\" \/><\/p><h3>VALORE ALLE PERSONE<\/h3><p>Le persone sono il cuore della nostra organizzazione. Promuoviamo un ambiente di lavoro fondato su rispetto, inclusione, collaborazione e crescita professionale, dove competenze ed esperienza contribuiscono allo sviluppo dell\u2019azienda e alla qualit\u00e0 del lavoro svolto.<\/p><p><img decoding=\"async\" class=\"alignnone size-medium wp-image-1131\" src=\"https:\/\/www.tesi-srl.com\/wp-content\/uploads\/2026\/03\/Paragrafo-Persone-300x200.jpg\" alt=\"\" width=\"300\" height=\"200\" srcset=\"https:\/\/www.tesi-srl.com\/wp-content\/uploads\/2026\/03\/Paragrafo-Persone-300x200.jpg 300w, https:\/\/www.tesi-srl.com\/wp-content\/uploads\/2026\/03\/Paragrafo-Persone-1024x683.jpg 1024w, https:\/\/www.tesi-srl.com\/wp-content\/uploads\/2026\/03\/Paragrafo-Persone-768x512.jpg 768w, https:\/\/www.tesi-srl.com\/wp-content\/uploads\/2026\/03\/Paragrafo-Persone.jpg 1500w\" sizes=\"(max-width: 300px) 100vw, 300px\" \/><\/p><h3>SICUREZZA COME PRIORITA&#8217;<\/h3><p>La sicurezza guida ogni nostra attivit\u00e0. Attraverso prevenzione, formazione e responsabilit\u00e0 condivisa lavoriamo ogni giorno per proteggere la salute delle persone e garantire condizioni di lavoro sicure in tutti i contesti operativi<\/p><p data-path-to-node=\"16\"><img loading=\"lazy\" decoding=\"async\" class=\"alignnone size-medium wp-image-1134\" src=\"https:\/\/www.tesi-srl.com\/wp-content\/uploads\/2026\/03\/Paragrafo-sicurezza-1-300x171.png\" alt=\"\" width=\"300\" height=\"171\" srcset=\"https:\/\/www.tesi-srl.com\/wp-content\/uploads\/2026\/03\/Paragrafo-sicurezza-1-300x171.png 300w, https:\/\/www.tesi-srl.com\/wp-content\/uploads\/2026\/03\/Paragrafo-sicurezza-1-1024x585.png 1024w, https:\/\/www.tesi-srl.com\/wp-content\/uploads\/2026\/03\/Paragrafo-sicurezza-1-768x439.png 768w, https:\/\/www.tesi-srl.com\/wp-content\/uploads\/2026\/03\/Paragrafo-sicurezza-1.png 1372w\" sizes=\"(max-width: 300px) 100vw, 300px\" \/><\/p>\t\t\t\t\t\t\t\t<\/div>\n\t\t\t\t\t<\/div>\n\t\t\t\t<\/div>\n\t\t<div class=\"elementor-element elementor-element-cce4f70 e-grid e-con-boxed e-con e-parent\" data-id=\"cce4f70\" data-element_type=\"container\" data-e-type=\"container\">\n\t\t\t\t\t<div class=\"e-con-inner\">\n\t\t\t\t<div class=\"elementor-element elementor-element-743b203 elementor-align-center elementor-widget elementor-widget-button\" data-id=\"743b203\" data-element_type=\"widget\" data-e-type=\"widget\" data-widget_type=\"button.default\">\n\t\t\t\t\t\t\t\t\t\t<a class=\"elementor-button elementor-button-link elementor-size-sm\" href=\"https:\/\/www.tesi-srl.com\/wp-content\/uploads\/2026\/03\/Codice-Etico_2023.pdf\" target=\"_blank\">\n\t\t\t\t\t\t<span class=\"elementor-button-content-wrapper\">\n\t\t\t\t\t\t\t\t\t<span class=\"elementor-button-text\">Codice Etico Gruppo RAM<\/span>\n\t\t\t\t\t<\/span>\n\t\t\t\t\t<\/a>\n\t\t\t\t\t\t\t\t<\/div>\n\t\t\t\t<div class=\"elementor-element elementor-element-34f87cf elementor-align-center elementor-widget__width-initial elementor-widget elementor-widget-button\" data-id=\"34f87cf\" data-element_type=\"widget\" data-e-type=\"widget\" data-widget_type=\"button.default\">\n\t\t\t\t\t\t\t\t\t\t<a class=\"elementor-button elementor-button-link elementor-size-sm\" href=\"https:\/\/www.tesi-srl.com\/wp-content\/uploads\/2026\/03\/Manifesto-2025_1.pdf\" target=\"_blank\">\n\t\t\t\t\t\t<span class=\"elementor-button-content-wrapper\">\n\t\t\t\t\t\t\t\t\t<span class=\"elementor-button-text\">Manifesto 5 Principi<\/span>\n\t\t\t\t\t<\/span>\n\t\t\t\t\t<\/a>\n\t\t\t\t\t\t\t\t<\/div>\n\t\t\t\t<div class=\"elementor-element elementor-element-b5a6f48 elementor-align-center elementor-widget__width-initial elementor-widget elementor-widget-button\" data-id=\"b5a6f48\" data-element_type=\"widget\" data-e-type=\"widget\" data-widget_type=\"button.default\">\n\t\t\t\t\t\t\t\t\t\t<a class=\"elementor-button elementor-button-link elementor-size-sm\" href=\"https:\/\/www.tesi-srl.com\/wp-content\/uploads\/2026\/03\/Procedura-WB_2023.pdf\" target=\"_blank\">\n\t\t\t\t\t\t<span class=\"elementor-button-content-wrapper\">\n\t\t\t\t\t\t\t\t\t<span class=\"elementor-button-text\">Procedura Whisterblowing<\/span>\n\t\t\t\t\t<\/span>\n\t\t\t\t\t<\/a>\n\t\t\t\t\t\t\t\t<\/div>\n\t\t\t\t<div class=\"elementor-element elementor-element-30af6e5 elementor-align-left elementor-widget__width-initial elementor-widget elementor-widget-button\" data-id=\"30af6e5\" data-element_type=\"widget\" data-e-type=\"widget\" data-widget_type=\"button.default\">\n\t\t\t\t\t\t\t\t\t\t<a class=\"elementor-button elementor-button-link elementor-size-sm\" href=\"https:\/\/www.tesi-srl.com\/wp-content\/uploads\/2026\/03\/Politica_integrata_Rev_5.pdf\" target=\"_blank\">\n\t\t\t\t\t\t<span class=\"elementor-button-content-wrapper\">\n\t\t\t\t\t\t\t\t\t<span class=\"elementor-button-text\">Politica Integrata<\/span>\n\t\t\t\t\t<\/span>\n\t\t\t\t\t<\/a>\n\t\t\t\t\t\t\t\t<\/div>\n\t\t\t\t\t<\/div>\n\t\t\t\t<\/div>\n\t\t<div class=\"elementor-element elementor-element-a1be21d e-grid e-con-boxed e-con e-parent\" data-id=\"a1be21d\" data-element_type=\"container\" data-e-type=\"container\">\n\t\t\t\t\t<div class=\"e-con-inner\">\n\t\t\t\t\t<\/div>\n\t\t\t\t<\/div>\n\t\t\t\t<\/div>\n\t\t","protected":false},"excerpt":{"rendered":"<p>ATTENZIONE PER L&#8217;AMBIENTE E LE PERSONE In TESI Srl, non costruiamo solo infrastrutture. Progettiamo soluzioni industriali dove l&#8217;eccellenza tecnica dell&#8217;Oil &amp; Gas incontra il rispetto per l&#8217;ambiente e la sicurezza delle persone. Perch\u00e9 il progresso ha valore solo se \u00e8 sostenibile. SOSTENIBILITA&#8217;: Responsabilit\u00e0 verso ambiente, persone e sicurezza per TESI Srl In TESI Srl la [&hellip;]<\/p>\n","protected":false},"author":1,"featured_media":0,"parent":0,"menu_order":0,"comment_status":"closed","ping_status":"closed","template":"elementor_header_footer","meta":{"footnotes":""},"class_list":["post-926","page","type-page","status-publish","hentry"],"_links":{"self":[{"href":"https:\/\/www.tesi-srl.com\/index.php\/wp-json\/wp\/v2\/pages\/926","targetHints":{"allow":["GET"]}}],"collection":[{"href":"https:\/\/www.tesi-srl.com\/index.php\/wp-json\/wp\/v2\/pages"}],"about":[{"href":"https:\/\/www.tesi-srl.com\/index.php\/wp-json\/wp\/v2\/types\/page"}],"author":[{"embeddable":true,"href":"https:\/\/www.tesi-srl.com\/index.php\/wp-json\/wp\/v2\/users\/1"}],"replies":[{"embeddable":true,"href":"https:\/\/www.tesi-srl.com\/index.php\/wp-json\/wp\/v2\/comments?post=926"}],"version-history":[{"count":79,"href":"https:\/\/www.tesi-srl.com\/index.php\/wp-json\/wp\/v2\/pages\/926\/revisions"}],"predecessor-version":[{"id":1252,"href":"https:\/\/www.tesi-srl.com\/index.php\/wp-json\/wp\/v2\/pages\/926\/revisions\/1252"}],"wp:attachment":[{"href":"https:\/\/www.tesi-srl.com\/index.php\/wp-json\/wp\/v2\/media?parent=926"}],"curies":[{"name":"wp","href":"https:\/\/api.w.org\/{rel}","templated":true}]}}