{"id":808,"date":"2021-05-30T14:08:16","date_gmt":"2021-05-30T13:08:16","guid":{"rendered":"https:\/\/relay.wordifysites.com\/?page_id=2"},"modified":"2026-03-16T11:05:13","modified_gmt":"2026-03-16T11:05:13","slug":"home-2","status":"publish","type":"page","link":"https:\/\/www.tesi-srl.com\/","title":{"rendered":"Home"},"content":{"rendered":"\t\t<div data-elementor-type=\"wp-page\" data-elementor-id=\"808\" class=\"elementor elementor-808\">\n\t\t\t\t<div class=\"elementor-element elementor-element-2c98683e e-flex e-con-boxed e-con e-parent\" data-id=\"2c98683e\" data-element_type=\"container\" data-e-type=\"container\" data-settings=\"{&quot;background_background&quot;:&quot;classic&quot;}\">\n\t\t\t\t\t<div class=\"e-con-inner\">\n\t\t\t\t<div class=\"elementor-element elementor-element-4f03c8a elementor-widget elementor-widget-heading\" data-id=\"4f03c8a\" data-element_type=\"widget\" data-e-type=\"widget\" data-widget_type=\"heading.default\">\n\t\t\t\t\t<h2 class=\"elementor-heading-title elementor-size-default\">Soluzioni integrate per l\u2019impiantistica industriale<\/h2>\t\t\t\t<\/div>\n\t\t\t\t<div class=\"elementor-element elementor-element-7452c9a elementor-widget__width-initial elementor-widget elementor-widget-text-editor\" data-id=\"7452c9a\" data-element_type=\"widget\" data-e-type=\"widget\" data-widget_type=\"text-editor.default\">\n\t\t\t\t\t\t\t\t\t<p>Dalla progettazione alla realizzazione e manutenzione di impianti meccanici, elettrici ed elettro-strumentali, Piping e carpenteria metallica di supporto.<\/p>\t\t\t\t\t\t\t\t<\/div>\n\t\t\t\t\t<\/div>\n\t\t\t\t<\/div>\n\t\t<div class=\"elementor-element elementor-element-c26a3c4 e-grid e-con-boxed e-con e-parent\" data-id=\"c26a3c4\" data-element_type=\"container\" data-e-type=\"container\" data-settings=\"{&quot;background_background&quot;:&quot;gradient&quot;}\">\n\t\t\t\t\t<div class=\"e-con-inner\">\n\t\t\t\t<div class=\"elementor-element elementor-element-e7801f5 elementor-widget elementor-widget-image\" data-id=\"e7801f5\" data-element_type=\"widget\" data-e-type=\"widget\" data-widget_type=\"image.default\">\n\t\t\t\t\t\t\t\t\t\t\t\t<figure class=\"wp-caption\">\n\t\t\t\t\t\t\t\t\t\t<img fetchpriority=\"high\" decoding=\"async\" width=\"2560\" height=\"1920\" src=\"https:\/\/www.tesi-srl.com\/wp-content\/uploads\/2025\/10\/WebSite_2025-Sede-scaled.jpg\" class=\"attachment-full size-full wp-image-26\" alt=\"\" srcset=\"https:\/\/www.tesi-srl.com\/wp-content\/uploads\/2025\/10\/WebSite_2025-Sede-scaled.jpg 2560w, https:\/\/www.tesi-srl.com\/wp-content\/uploads\/2025\/10\/WebSite_2025-Sede-300x225.jpg 300w, https:\/\/www.tesi-srl.com\/wp-content\/uploads\/2025\/10\/WebSite_2025-Sede-1024x768.jpg 1024w, https:\/\/www.tesi-srl.com\/wp-content\/uploads\/2025\/10\/WebSite_2025-Sede-768x576.jpg 768w, https:\/\/www.tesi-srl.com\/wp-content\/uploads\/2025\/10\/WebSite_2025-Sede-1536x1152.jpg 1536w, https:\/\/www.tesi-srl.com\/wp-content\/uploads\/2025\/10\/WebSite_2025-Sede-2048x1536.jpg 2048w\" sizes=\"(max-width: 2560px) 100vw, 2560px\" \/>\t\t\t\t\t\t\t\t\t\t\t<figcaption class=\"widget-image-caption wp-caption-text\">Sede <\/figcaption>\n\t\t\t\t\t\t\t\t\t\t<\/figure>\n\t\t\t\t\t\t\t\t\t<\/div>\n\t\t<div class=\"elementor-element elementor-element-361fbe8 e-con-full e-flex e-con e-child\" data-id=\"361fbe8\" data-element_type=\"container\" data-e-type=\"container\">\n\t\t\t\t<div class=\"elementor-element elementor-element-6082859 elementor-widget elementor-widget-heading\" data-id=\"6082859\" data-element_type=\"widget\" data-e-type=\"widget\" data-widget_type=\"heading.default\">\n\t\t\t\t\t<h2 class=\"elementor-heading-title elementor-size-default\">Cosa facciamo<\/h2>\t\t\t\t<\/div>\n\t\t\t\t<div class=\"elementor-element elementor-element-fd4d15a elementor-widget elementor-widget-text-editor\" data-id=\"fd4d15a\" data-element_type=\"widget\" data-e-type=\"widget\" data-widget_type=\"text-editor.default\">\n\t\t\t\t\t\t\t\t\t<p>Trasformiamo esigenze complesse e articolate in soluzioni pratiche, affidabili e su misura per l&#8217;<strong>impiantistica industriale<\/strong>, garantendo risultati concreti e duraturi nel tempo.<\/p><p><strong>Progettiamo<\/strong> con precisione e <strong>realizziamo<\/strong> con competenza impianti complessi, sistemi di piping e carpenterie metalliche strutturali, operando principalmente nei settori strategici dell&#8217;Energy e dell&#8217;Oil &amp; Gas.<\/p><p>Lo facciamo<strong> rispettando sempre i pi\u00f9 elevati standard internazionali di sicurezza<\/strong>, qualit\u00e0 e sostenibilit\u00e0 ambientale, per assicurare prestazioni ottimali e conformit\u00e0 normativa in ogni fase del progetto.<\/p>\t\t\t\t\t\t\t\t<\/div>\n\t\t\t\t<div class=\"elementor-element elementor-element-476418e elementor-widget__width-initial elementor-widget elementor-widget-button\" data-id=\"476418e\" data-element_type=\"widget\" data-e-type=\"widget\" data-widget_type=\"button.default\">\n\t\t\t\t\t\t\t\t\t\t<a class=\"elementor-button elementor-button-link elementor-size-sm\" href=\"https:\/\/www.tesi-srl.com\/index.php\/chi-siamo_e\/\">\n\t\t\t\t\t\t<span class=\"elementor-button-content-wrapper\">\n\t\t\t\t\t\t\t\t\t<span class=\"elementor-button-text\">Scopri di pi\u00f9 su di noi<\/span>\n\t\t\t\t\t<\/span>\n\t\t\t\t\t<\/a>\n\t\t\t\t\t\t\t\t<\/div>\n\t\t\t\t<\/div>\n\t\t\t\t\t<\/div>\n\t\t\t\t<\/div>\n\t\t\t\t<\/div>\n\t\t","protected":false},"excerpt":{"rendered":"<p>Soluzioni integrate per l\u2019impiantistica industriale Dalla progettazione alla realizzazione e manutenzione di impianti meccanici, elettrici ed elettro-strumentali, Piping e carpenteria metallica di supporto. Sede Cosa facciamo Trasformiamo esigenze complesse e articolate in soluzioni pratiche, affidabili e su misura per l&#8217;impiantistica industriale, garantendo risultati concreti e duraturi nel tempo. Progettiamo con precisione e realizziamo con competenza [&hellip;]<\/p>\n","protected":false},"author":1,"featured_media":0,"parent":0,"menu_order":0,"comment_status":"closed","ping_status":"open","template":"elementor_header_footer","meta":{"footnotes":""},"class_list":["post-808","page","type-page","status-publish","hentry"],"_links":{"self":[{"href":"https:\/\/www.tesi-srl.com\/index.php\/wp-json\/wp\/v2\/pages\/808","targetHints":{"allow":["GET"]}}],"collection":[{"href":"https:\/\/www.tesi-srl.com\/index.php\/wp-json\/wp\/v2\/pages"}],"about":[{"href":"https:\/\/www.tesi-srl.com\/index.php\/wp-json\/wp\/v2\/types\/page"}],"author":[{"embeddable":true,"href":"https:\/\/www.tesi-srl.com\/index.php\/wp-json\/wp\/v2\/users\/1"}],"replies":[{"embeddable":true,"href":"https:\/\/www.tesi-srl.com\/index.php\/wp-json\/wp\/v2\/comments?post=808"}],"version-history":[{"count":72,"href":"https:\/\/www.tesi-srl.com\/index.php\/wp-json\/wp\/v2\/pages\/808\/revisions"}],"predecessor-version":[{"id":1178,"href":"https:\/\/www.tesi-srl.com\/index.php\/wp-json\/wp\/v2\/pages\/808\/revisions\/1178"}],"wp:attachment":[{"href":"https:\/\/www.tesi-srl.com\/index.php\/wp-json\/wp\/v2\/media?parent=808"}],"curies":[{"name":"wp","href":"https:\/\/api.w.org\/{rel}","templated":true}]}}